{"id":134,"date":"2015-02-12T17:55:57","date_gmt":"2015-02-12T17:55:57","guid":{"rendered":"http:\/\/presidentialsuites-puntacana.com\/luxury-all-in-2\/"},"modified":"2017-10-17T18:14:19","modified_gmt":"2017-10-17T18:14:19","slug":"tarifas","status":"publish","type":"page","link":"http:\/\/presidentialsuites-puntacana.com\/es\/tarifas\/","title":{"rendered":"Tarifas Todo Incluido"},"content":{"rendered":"<p>[vc_row][vc_column]  <div class=\"imageSlider\">\n  <img decoding=\"async\" src=\"http:\/\/presidentialsuites-puntacana.com\/wp-content\/uploads\/2015\/03\/2014-Spirits-Bar_2-1065x437.jpg\"><img decoding=\"async\" src=\"http:\/\/presidentialsuites-puntacana.com\/wp-content\/uploads\/2015\/03\/2014-Decadence2-1065x437.jpg\"><img decoding=\"async\" src=\"http:\/\/presidentialsuites-puntacana.com\/wp-content\/uploads\/2015\/03\/2014-PSPC_10-1065x437.jpg\"><img decoding=\"async\" src=\"http:\/\/presidentialsuites-puntacana.com\/wp-content\/uploads\/2015\/03\/2013-PSPC_16-1065x437.jpg\"><img decoding=\"async\" src=\"http:\/\/presidentialsuites-puntacana.com\/wp-content\/uploads\/2015\/03\/2013-PSPC_14-1065x437.jpg\"><img decoding=\"async\" src=\"http:\/\/presidentialsuites-puntacana.com\/wp-content\/uploads\/2015\/03\/2013-PSPC_03-1065x437.jpg\"> \n    <span class=\"next\"><img decoding=\"async\" src=\"http:\/\/presidentialsuites-puntacana.com\/wp-content\/themes\/lre\/images\/next.png\"><\/span>\n    <span class=\"prev\"><img decoding=\"async\" src=\"http:\/\/presidentialsuites-puntacana.com\/wp-content\/themes\/lre\/images\/prev.png\"><\/span>\n      <\/div><!-- imageSlider -->\n  <span class=\"pager\"><\/span>\n[\/vc_column][\/vc_row][vc_row][vc_column][vc_column_text]<\/p>\n<h3>Tarifas todo incluido 2015<\/h3>\n<p>[\/vc_column_text][\/vc_column][\/vc_row][vc_row][vc_column][vc_column_text]<\/p>\n<table>\n<tbody>\n<tr>\n<td><strong>Fecha de Vigencia<\/strong><\/td>\n<td>\u00a0<strong>Categor\u00eda<\/strong><\/td>\n<td><strong>Sencilla<\/strong><\/td>\n<td><strong>Doble<\/strong><\/td>\n<td><strong>Persona Extra<\/strong><\/td>\n<td><strong>Ni\u00f1o (4-11 a\u00f1os de edad)<\/strong><\/td>\n<\/tr>\n<tr>\n<td rowspan=\"3\"><strong>Dic. 20, 2014-Ene. 2, 2015<\/strong><\/td>\n<td>1 Dormitorio<\/td>\n<td>$480<\/td>\n<td>$380<\/td>\n<td>$196<\/td>\n<td>$76<\/td>\n<\/tr>\n<tr>\n<td>2 Dormitorios<\/td>\n<td>$500<\/td>\n<td>$400<\/td>\n<td>$216<\/td>\n<td>$96<\/td>\n<\/tr>\n<tr>\n<td>3 Dormitorios<\/td>\n<td>$550<\/td>\n<td>$450<\/td>\n<td>$266<\/td>\n<td>$146<\/td>\n<\/tr>\n<tr>\n<td rowspan=\"3\"><strong>Ene. 3, 2015 &#8211; Ene. 31, 2015<\/strong><\/td>\n<td>1 Dormitorio<\/td>\n<td>$460<\/td>\n<td>$330<\/td>\n<td>$161<\/td>\n<td>$66<\/td>\n<\/tr>\n<tr>\n<td>2 Dormitorios<\/td>\n<td>$480<\/td>\n<td>$350<\/td>\n<td>$181<\/td>\n<td>$86<\/td>\n<\/tr>\n<tr>\n<td>3 Dormitorios<\/td>\n<td>$530<\/td>\n<td>$400<\/td>\n<td>$231<\/td>\n<td>$136<\/td>\n<\/tr>\n<tr>\n<td rowspan=\"3\"><strong>Feb. 1, 2015 &#8211; Abr. 5, 2015<\/strong><\/td>\n<td>1 Dormitorio<\/td>\n<td>$480<\/td>\n<td>$380<\/td>\n<td>$196<\/td>\n<td>$76<\/td>\n<\/tr>\n<tr>\n<td>2 Dormitorios<\/td>\n<td>$500<\/td>\n<td>$400<\/td>\n<td>$216<\/td>\n<td>$96<\/td>\n<\/tr>\n<tr>\n<td>3 Dormitorios<\/td>\n<td>$550<\/td>\n<td>$450<\/td>\n<td>$266<\/td>\n<td>$146<\/td>\n<\/tr>\n<tr>\n<td rowspan=\"3\"><strong>Abr. 6, 2015 &#8211; Jun. 30, 2015<\/strong><\/td>\n<td>1 Dormitorio<\/td>\n<td>$420<\/td>\n<td>$310<\/td>\n<td>$147<\/td>\n<td>$62<\/td>\n<\/tr>\n<tr>\n<td>2 Dormitorios<\/td>\n<td>$440<\/td>\n<td>$330<\/td>\n<td>$167<\/td>\n<td>$82<\/td>\n<\/tr>\n<tr>\n<td>3 Dormitorios<\/td>\n<td>$490<\/td>\n<td>$380<\/td>\n<td>$217<\/td>\n<td>$132<\/td>\n<\/tr>\n<tr>\n<td rowspan=\"3\"><strong>Jul. 1, 2015 &#8211; Aug. 31, 2015<\/strong><\/td>\n<td>1 Dormitorio<\/td>\n<td>$460<\/td>\n<td>$330<\/td>\n<td>$161<\/td>\n<td>$66<\/td>\n<\/tr>\n<tr>\n<td>2 Dormitorios<\/td>\n<td>$480<\/td>\n<td>$350<\/td>\n<td>$181<\/td>\n<td>$86<\/td>\n<\/tr>\n<tr>\n<td>3 Dormitorios<\/td>\n<td>$530<\/td>\n<td>$400<\/td>\n<td>$231<\/td>\n<td>$136<\/td>\n<\/tr>\n<tr>\n<td rowspan=\"3\"><strong>Sept. 1, 2015 &#8211; Dic. 19, 2015<\/strong><\/td>\n<td>1 Dormitorio<\/td>\n<td>$440<\/td>\n<td>$320<\/td>\n<td>$154<\/td>\n<td>$64<\/td>\n<\/tr>\n<tr>\n<td>2 Dormitorios<\/td>\n<td>$460<\/td>\n<td>$340<\/td>\n<td>$174<\/td>\n<td>$84<\/td>\n<\/tr>\n<tr>\n<td>3 Dormitorios<\/td>\n<td>$510<\/td>\n<td>$390<\/td>\n<td>$224<\/td>\n<td>$134<\/td>\n<\/tr>\n<\/tbody>\n<\/table>\n<p><strong>El r\u00e9gimen de todo incluido es por persona, por noche, en U$.<\/strong><\/p>\n<p><strong>Suplementos Mandatorios para las Cenas de Gala: <\/strong><br \/>\nDiciembre 24: US$60 Adultos, Ni\u00f1os 50%<br \/>\nDiciembre 31: US$60 Adultos, Ni\u00f1os 50%[\/vc_column_text][\/vc_column][\/vc_row][vc_row][vc_column]<div class=\"button-group cf textleft\">  <a href=\"https:\/\/reservations.travelclick.com\/102818?languageid=2#\/guestsandrooms\" class=\"btn medium orange\" >solicitud de reserva<\/a>\n<\/div>[\/vc_column][\/vc_row]<\/p>\n","protected":false},"excerpt":{"rendered":"<p>[vc_row][vc_column][\/vc_column][\/vc_row][vc_row][vc_column][vc_column_text] Tarifas todo incluido 2015 [\/vc_column_text][\/vc_column][\/vc_row][vc_row][vc_column][vc_column_text] Fecha de Vigencia \u00a0Categor\u00eda Sencilla Doble Persona Extra Ni\u00f1o (4-11 a\u00f1os de edad) Dic. 20, 2014-Ene. 2, 2015 1 Dormitorio $480 $380 $196 $76 2 Dormitorios $500 $400 $216&#8230;<\/p>\n","protected":false},"author":1,"featured_media":0,"parent":0,"menu_order":0,"comment_status":"closed","ping_status":"closed","template":"","meta":[],"class_list":["post-134","page","type-page","status-publish","hentry"],"_links":{"self":[{"href":"http:\/\/presidentialsuites-puntacana.com\/es\/wp-json\/wp\/v2\/pages\/134","targetHints":{"allow":["GET"]}}],"collection":[{"href":"http:\/\/presidentialsuites-puntacana.com\/es\/wp-json\/wp\/v2\/pages"}],"about":[{"href":"http:\/\/presidentialsuites-puntacana.com\/es\/wp-json\/wp\/v2\/types\/page"}],"author":[{"embeddable":true,"href":"http:\/\/presidentialsuites-puntacana.com\/es\/wp-json\/wp\/v2\/users\/1"}],"replies":[{"embeddable":true,"href":"http:\/\/presidentialsuites-puntacana.com\/es\/wp-json\/wp\/v2\/comments?post=134"}],"version-history":[{"count":2,"href":"http:\/\/presidentialsuites-puntacana.com\/es\/wp-json\/wp\/v2\/pages\/134\/revisions"}],"predecessor-version":[{"id":635,"href":"http:\/\/presidentialsuites-puntacana.com\/es\/wp-json\/wp\/v2\/pages\/134\/revisions\/635"}],"wp:attachment":[{"href":"http:\/\/presidentialsuites-puntacana.com\/es\/wp-json\/wp\/v2\/media?parent=134"}],"curies":[{"name":"wp","href":"https:\/\/api.w.org\/{rel}","templated":true}]}}