{"id":138,"date":"2014-09-16T17:32:31","date_gmt":"2014-09-16T17:32:31","guid":{"rendered":"http:\/\/presidentialsuites-puntacana.com\/location-2\/"},"modified":"2017-10-17T18:13:12","modified_gmt":"2017-10-17T18:13:12","slug":"ubicacion","status":"publish","type":"page","link":"http:\/\/presidentialsuites-puntacana.com\/es\/ubicacion\/","title":{"rendered":"Ubicaci\u00f3n"},"content":{"rendered":"<p>[vc_row][vc_column]  <div class=\"imageSlider\">\n  <img decoding=\"async\" src=\"http:\/\/presidentialsuites-puntacana.com\/wp-content\/uploads\/2015\/03\/Grand-Oasis-Marien_134-1065x437.jpg\"><img decoding=\"async\" src=\"http:\/\/presidentialsuites-puntacana.com\/wp-content\/uploads\/2015\/03\/2013-PSPC_41-1065x437.jpg\"><img decoding=\"async\" src=\"http:\/\/presidentialsuites-puntacana.com\/wp-content\/uploads\/2015\/03\/2013-PSPC_39-1065x437.jpg\"><img decoding=\"async\" src=\"http:\/\/presidentialsuites-puntacana.com\/wp-content\/uploads\/2015\/03\/2013-PSPC_37-1065x437.jpg\"> \n    <span class=\"next\"><img decoding=\"async\" src=\"http:\/\/presidentialsuites-puntacana.com\/wp-content\/themes\/lre\/images\/next.png\"><\/span>\n    <span class=\"prev\"><img decoding=\"async\" src=\"http:\/\/presidentialsuites-puntacana.com\/wp-content\/themes\/lre\/images\/prev.png\"><\/span>\n    <a href=\"#\" class=\"playBtn\"><\/a>  <\/div><!-- imageSlider -->\n  <span class=\"pager\"><\/span>\n[\/vc_column][\/vc_row][vc_row][vc_column][vc_column_text]<\/p>\n<h3 id=\"tw-target-text\" class=\"tw-data-text vk_txt tw-ta tw-text-small\" dir=\"ltr\" data-placeholder=\"Translation\">Punta Cana, Rep\u00fablica Dominicana<\/h3>\n<p>La Rep\u00fablica Dominicana es conocida por sus hermosas playas, aguas claras del oc\u00e9ano y cielos azules soleados, y Punta Cana es la culminaci\u00f3n de todo lo que es perfecto sobre la isla. Es parte del distrito municipal de Punta Cana-B\u00e1varo-Ver\u00f3n-Macao recientemente creada en La Altagracia, la provincia m\u00e1s oriental de la Rep\u00fablica Dominicana.<\/p>\n<p>Suites Presidenciales &#8211; Punta Cana se encuentra en la localidad de Cortecito y dentro de la zona de Punta Cana, a 13 millas o 21 kil\u00f3metros del aeropuerto, por lo que es un destino f\u00e1cil y conveniente. La zona es conocida por sus largas extensiones de playas de arena blanca y aguas color turquesa del Caribe. Este popular destino limita al norte con el pueblo y la playa de Cabeza de Toro y las playas de B\u00e1varo y Cortecito, famosas por su belleza pr\u00edstina.<\/p>\n<p>Las zonas lim\u00edtrofes de Punta Cana incluyen a Cap Cana hacia el sur y el peque\u00f1o pueblo de pescadores original de Cabo San Rafael. Un acantilado de\u00a0 330 pies de alto se encuentra m\u00e1s al sur, cerca de la ciudad de Boca de Yuma, un pueblo de pescadores que data del siglo 16. Cerca de all\u00ed, usted puede encontrar la fortaleza de\u00a0 Ponce de Le\u00f3n, en la ciudad de San Rafael del Yuma.<\/p>\n<p>Ya que es conocida por su belleza, Punta Cana-B\u00e1varo ha atra\u00eddo a un grupo de hoteles de lujo que ofrecen una variedad ecl\u00e9ctica de la arquitectura y el dise\u00f1o interior inspirado en las culturas dominicanas, espa\u00f1olas, mexicanas y nativas.[\/vc_column_text][\/vc_column][\/vc_row][vc_row][vc_column]<div class=\"button-group cf textright\">  <a href=\"https:\/\/reservations.travelclick.com\/102818?languageid=2#\/guestsandrooms\" class=\"btn medium orange\" >Solicitud de Reserva<\/a>\n<\/div>[\/vc_column][\/vc_row][vc_row][vc_column][\/vc_column][\/vc_row]<\/p>\n","protected":false},"excerpt":{"rendered":"<p>[vc_row][vc_column][\/vc_column][\/vc_row][vc_row][vc_column][vc_column_text] Punta Cana, Rep\u00fablica Dominicana La Rep\u00fablica Dominicana es conocida por sus hermosas playas, aguas claras del oc\u00e9ano y cielos azules soleados, y Punta Cana es la culminaci\u00f3n de todo lo que es perfecto sobre&#8230;<\/p>\n","protected":false},"author":1,"featured_media":0,"parent":0,"menu_order":0,"comment_status":"closed","ping_status":"closed","template":"","meta":[],"class_list":["post-138","page","type-page","status-publish","hentry"],"_links":{"self":[{"href":"http:\/\/presidentialsuites-puntacana.com\/es\/wp-json\/wp\/v2\/pages\/138","targetHints":{"allow":["GET"]}}],"collection":[{"href":"http:\/\/presidentialsuites-puntacana.com\/es\/wp-json\/wp\/v2\/pages"}],"about":[{"href":"http:\/\/presidentialsuites-puntacana.com\/es\/wp-json\/wp\/v2\/types\/page"}],"author":[{"embeddable":true,"href":"http:\/\/presidentialsuites-puntacana.com\/es\/wp-json\/wp\/v2\/users\/1"}],"replies":[{"embeddable":true,"href":"http:\/\/presidentialsuites-puntacana.com\/es\/wp-json\/wp\/v2\/comments?post=138"}],"version-history":[{"count":1,"href":"http:\/\/presidentialsuites-puntacana.com\/es\/wp-json\/wp\/v2\/pages\/138\/revisions"}],"predecessor-version":[{"id":633,"href":"http:\/\/presidentialsuites-puntacana.com\/es\/wp-json\/wp\/v2\/pages\/138\/revisions\/633"}],"wp:attachment":[{"href":"http:\/\/presidentialsuites-puntacana.com\/es\/wp-json\/wp\/v2\/media?parent=138"}],"curies":[{"name":"wp","href":"https:\/\/api.w.org\/{rel}","templated":true}]}}