{"id":293,"date":"2015-02-25T21:23:08","date_gmt":"2015-02-25T21:23:08","guid":{"rendered":"http:\/\/presidentialsuites-puntacana.com\/?page_id=293"},"modified":"2015-02-25T21:40:07","modified_gmt":"2015-02-25T21:40:07","slug":"luxury-all-in","status":"publish","type":"page","link":"http:\/\/presidentialsuites-puntacana.com\/es\/luxury-all-in\/","title":{"rendered":"Luxury All-In"},"content":{"rendered":"<p>[vc_row][vc_column width=\u00bb1\/1&#8243;][vc_column_text el_class=\u00bbtransparent\u00bb]<img loading=\"lazy\" decoding=\"async\" class=\"aligncenter size-full wp-image-296\" src=\"http:\/\/presidentialsuites-puntacana.com\/wp-content\/uploads\/2015\/02\/Luxury_All-In_LOGO-white.png\" alt=\"Luxury_All-In_LOGO-white\" width=\"180\" height=\"208\" srcset=\"http:\/\/presidentialsuites-puntacana.com\/wp-content\/uploads\/2015\/02\/Luxury_All-In_LOGO-white.png 180w, http:\/\/presidentialsuites-puntacana.com\/wp-content\/uploads\/2015\/02\/Luxury_All-In_LOGO-white-100x116.png 100w\" sizes=\"auto, (max-width: 180px) 100vw, 180px\" \/>[\/vc_column_text][\/vc_column][\/vc_row][vc_row][vc_column width=\u00bb1\/1&#8243;]  <div class=\"imageSlider\">\n  <img decoding=\"async\" src=\"http:\/\/presidentialsuites-puntacana.com\/wp-content\/uploads\/2015\/02\/Luxury-All-indescription_G1-1065x437.jpg\"><img decoding=\"async\" src=\"http:\/\/presidentialsuites-puntacana.com\/wp-content\/uploads\/2015\/02\/Luxury-All-indescription_G3-1065x437.jpg\"><img decoding=\"async\" src=\"http:\/\/presidentialsuites-puntacana.com\/wp-content\/uploads\/2015\/02\/Luxury-All-indescription_G2-1065x437.jpg\"><img decoding=\"async\" src=\"http:\/\/presidentialsuites-puntacana.com\/wp-content\/uploads\/2015\/02\/Luxury-All-indescription_G4-1065x437.jpg\"><img decoding=\"async\" src=\"http:\/\/presidentialsuites-puntacana.com\/wp-content\/uploads\/2015\/02\/Luxury-All-indescription_G5-1065x437.jpg\"> \n    <span class=\"next\"><img decoding=\"async\" src=\"http:\/\/presidentialsuites-puntacana.com\/wp-content\/themes\/lre\/images\/next.png\"><\/span>\n    <span class=\"prev\"><img decoding=\"async\" src=\"http:\/\/presidentialsuites-puntacana.com\/wp-content\/themes\/lre\/images\/prev.png\"><\/span>\n      <\/div><!-- imageSlider -->\n  <span class=\"pager\"><\/span>\n[\/vc_column][\/vc_row][vc_row][vc_column width=\u00bb1\/1&#8243;][vc_column_text el_class=\u00bbtransparent\u00bb]<\/p>\n<h4>\u00bfEres ALL-IN?<\/h4>\n<p>Este concepto especial est\u00e1 dise\u00f1ado para darle todo lo que pueda desear en su membres\u00eda!<\/p>\n<p>El concepto incluye: Fine Cuisine, Instalaciones y Servicios exclusivos, servicio atento y m\u00e1s &#8230; Y cuando se trata de superar las expectativas, que es justo lo Lifestyle es conocido por! Nuestra cartera de restaurantes incluye: Gourmet, Steak &amp; Seafood, Dominicana, la India, Asia Fusi\u00f3n, italiana, mexicana, y un restaurante de la firma Churrascaria Brasile\u00f1a. Es simplemente otra experiencia de vacaciones pendientes de estilo de vida.<\/p>\n<p>Rep\u00fablica Dominicana:<br \/>\nLifestyle Holidays Vacation Resort &#8211; alojamientos especiales de Puerto Plata son:<br \/>\nEl Tropical \u2022 La Corona Suites \u2022 El Residence Suites \u2022 The Royal Suites \u2022 Suites Presidenciales &#8211; Puerto Plata \u2022 El Crown Villas \u2022 El Royal Villas \u2022 Costa Esmeralda \u2022 Cofresi Palm Beach &amp; Spa Resort * \u2022 Sue\u00f1o Suites &#8211; Costa Dorada **<\/p>\n<p>* Cofresi Palm Beach &amp; Spa Resort se compone de Spa Suites, Family Friendly Rooms, Oceanside Suites, Residence Rooms, \u00c1ticos con vista al mar<\/p>\n<p>** Luxury All-In Limited<\/p>\n<p>Luxury All-In El plan incluye:<\/p>\n<ul>\n<li>Uso privilegiado de todos los restaurantes, bares e instalaciones en cada Resort<br \/>\n(\u00e1reas V.I.P y servicios exclusivos para miembros)<\/li>\n<li>El acceso a todas las comidas &#8211; acceso a desayuno, almuerzo y cena en cualquiera de nuestros restaurantes en la propiedad durante las horas normales de operaci\u00f3n (algunos restaurantes requieren reservaciones por adelantado)<\/li>\n<li>Restaurantes V.I.P exclusivas<\/li>\n<li>Todos los restaurantes invitados para una cena a la carta (reservas pueden ser necesarios) incluyendo restaurantes buffet internacional (no se requiere reservaci\u00f3n)<\/li>\n<li>Diurna y aperitivos finales ubicados en las propiedades, incluidas las barras de tarifa VIP Lite y Lite Barras de tarifas para todos los hu\u00e9spedes<\/li>\n<\/ul>\n<p><em>Incluye: vino de la casa con las comidas, m\u00e1s la cerveza, licores, c\u00f3cteles, zumos y refrescos est\u00e1n disponibles en todos los bares y clientes VIP ubicadas en cualquiera de nuestras propiedades.<\/em>[\/vc_column_text][\/vc_column][\/vc_row]<\/p>\n","protected":false},"excerpt":{"rendered":"<p>[vc_row][vc_column width=\u00bb1\/1&#8243;][vc_column_text el_class=\u00bbtransparent\u00bb][\/vc_column_text][\/vc_column][\/vc_row][vc_row][vc_column width=\u00bb1\/1&#8243;][\/vc_column][\/vc_row][vc_row][vc_column width=\u00bb1\/1&#8243;][vc_column_text el_class=\u00bbtransparent\u00bb] \u00bfEres ALL-IN? Este concepto especial est\u00e1 dise\u00f1ado para darle todo lo que pueda desear en su membres\u00eda! El concepto incluye: Fine Cuisine, Instalaciones y Servicios exclusivos, servicio atento y&#8230;<\/p>\n","protected":false},"author":1,"featured_media":0,"parent":0,"menu_order":0,"comment_status":"closed","ping_status":"closed","template":"","meta":[],"class_list":["post-293","page","type-page","status-publish","hentry"],"_links":{"self":[{"href":"http:\/\/presidentialsuites-puntacana.com\/es\/wp-json\/wp\/v2\/pages\/293","targetHints":{"allow":["GET"]}}],"collection":[{"href":"http:\/\/presidentialsuites-puntacana.com\/es\/wp-json\/wp\/v2\/pages"}],"about":[{"href":"http:\/\/presidentialsuites-puntacana.com\/es\/wp-json\/wp\/v2\/types\/page"}],"author":[{"embeddable":true,"href":"http:\/\/presidentialsuites-puntacana.com\/es\/wp-json\/wp\/v2\/users\/1"}],"replies":[{"embeddable":true,"href":"http:\/\/presidentialsuites-puntacana.com\/es\/wp-json\/wp\/v2\/comments?post=293"}],"version-history":[{"count":1,"href":"http:\/\/presidentialsuites-puntacana.com\/es\/wp-json\/wp\/v2\/pages\/293\/revisions"}],"predecessor-version":[{"id":309,"href":"http:\/\/presidentialsuites-puntacana.com\/es\/wp-json\/wp\/v2\/pages\/293\/revisions\/309"}],"wp:attachment":[{"href":"http:\/\/presidentialsuites-puntacana.com\/es\/wp-json\/wp\/v2\/media?parent=293"}],"curies":[{"name":"wp","href":"https:\/\/api.w.org\/{rel}","templated":true}]}}