{"id":345,"date":"2015-02-26T18:27:40","date_gmt":"2015-02-26T18:27:40","guid":{"rendered":"http:\/\/presidentialsuites-puntacana.com\/v-i-p-transportation-service-2\/"},"modified":"2015-03-10T19:34:57","modified_gmt":"2015-03-10T19:34:57","slug":"servicio-de-transporte-v-i-p","status":"publish","type":"page","link":"http:\/\/presidentialsuites-puntacana.com\/es\/servicio-de-transporte-v-i-p\/","title":{"rendered":"Servicio de transporte"},"content":{"rendered":"<p>[vc_row][vc_column width=\u00bb1\/1&#8243;]  <div class=\"imageSlider\">\n  <img decoding=\"async\" src=\"http:\/\/presidentialsuites-puntacana.com\/wp-content\/uploads\/2015\/03\/2014-VIP-Transportation_20-1065x437.jpg\"><img decoding=\"async\" src=\"http:\/\/presidentialsuites-puntacana.com\/wp-content\/uploads\/2015\/03\/PSPC-services-1064x437.jpg\"><img decoding=\"async\" src=\"http:\/\/presidentialsuites-puntacana.com\/wp-content\/uploads\/2015\/02\/2014-VIP-Transportation_21-1065x437.jpg\"> \n    <span class=\"next\"><img decoding=\"async\" src=\"http:\/\/presidentialsuites-puntacana.com\/wp-content\/themes\/lre\/images\/next.png\"><\/span>\n    <span class=\"prev\"><img decoding=\"async\" src=\"http:\/\/presidentialsuites-puntacana.com\/wp-content\/themes\/lre\/images\/prev.png\"><\/span>\n      <\/div><!-- imageSlider -->\n  <span class=\"pager\"><\/span>\n[\/vc_column][\/vc_row][vc_row][vc_column width=\u00bb1\/1&#8243;][vc_column_text el_class=\u00bbtransparent\u00bb]<strong>Notas especiales:<\/strong><\/p>\n<p>En el caso de cambio de vuelo o cancelaci\u00f3n, nos debe notificar por correo electr\u00f3nico a\u00a0<a href=\"mailto:transportation@lhvcresorts.com\" target=\"_blank\">transportation@lhvcresorts.com<\/a>\u00a0al menos 24 horas antes de su llegada; de lo contrario el costo de la transferencia se cargar\u00e1 autom\u00e1ticamente a su tarjeta de cr\u00e9dito.<\/p>\n<p>Con el fin de organizar su recogida, la informaci\u00f3n del vuelo se debe recibir 3 d\u00edas antes de la llegada.<\/p>\n<p>Tasa de y al Aeropuerto de PUJ: US$35.00 por coche, 1-5 pasajeros (25 minutos en coche).[\/vc_column_text][\/vc_column][\/vc_row][vc_row][vc_column width=\u00bb1\/1&#8243;]\n<div class=\"wpcf7 no-js\" id=\"wpcf7-f348-o1\" lang=\"en-US\" dir=\"ltr\" data-wpcf7-id=\"348\">\n<div class=\"screen-reader-response\"><p role=\"status\" aria-live=\"polite\" aria-atomic=\"true\"><\/p> <ul><\/ul><\/div>\n<form action=\"\/es\/wp-json\/wp\/v2\/pages\/345#wpcf7-f348-o1\" method=\"post\" class=\"wpcf7-form init\" aria-label=\"Contact form\" novalidate=\"novalidate\" data-status=\"init\">\n<fieldset class=\"hidden-fields-container\"><input type=\"hidden\" name=\"_wpcf7\" value=\"348\" \/><input type=\"hidden\" name=\"_wpcf7_version\" value=\"6.1.5\" \/><input type=\"hidden\" name=\"_wpcf7_locale\" value=\"en_US\" \/><input type=\"hidden\" name=\"_wpcf7_unit_tag\" value=\"wpcf7-f348-o1\" \/><input type=\"hidden\" name=\"_wpcf7_container_post\" value=\"0\" \/><input type=\"hidden\" name=\"_wpcf7_posted_data_hash\" value=\"\" \/>\n<\/fieldset>\n<div class=\"contact-form cf\">\n\t<div class=\"form-row cf\">\n\t\t<p><label for=\"\">Nombre<span>*<\/span><\/label>\n\t\t<\/p>\n\t\t<div class=\"input-wrap\">\n\t\t\t<p><span class=\"wpcf7-form-control-wrap\" data-name=\"first-name\"><input size=\"40\" maxlength=\"400\" class=\"wpcf7-form-control wpcf7-text wpcf7-validates-as-required\" aria-required=\"true\" aria-invalid=\"false\" value=\"\" type=\"text\" name=\"first-name\" \/><\/span>\n\t\t\t<\/p>\n\t\t<\/div>\n\t<\/div>\n\t<div class=\"form-row cf\">\n\t\t<p><label for=\"\">Apellido<span>*<\/span><\/label>\n\t\t<\/p>\n\t\t<div class=\"input-wrap\">\n\t\t\t<p><span class=\"wpcf7-form-control-wrap\" data-name=\"last-name\"><input size=\"40\" maxlength=\"400\" class=\"wpcf7-form-control wpcf7-text wpcf7-validates-as-required\" aria-required=\"true\" aria-invalid=\"false\" value=\"\" type=\"text\" name=\"last-name\" \/><\/span>\n\t\t\t<\/p>\n\t\t<\/div>\n\t<\/div>\n\t<div class=\"form-row cf\">\n\t\t<p><label for=\"\">Correo-e<span>*<\/span><\/label>\n\t\t<\/p>\n\t\t<div class=\"input-wrap\">\n\t\t\t<p><span class=\"wpcf7-form-control-wrap\" data-name=\"email\"><input size=\"40\" maxlength=\"400\" class=\"wpcf7-form-control wpcf7-email wpcf7-validates-as-required wpcf7-text wpcf7-validates-as-email\" aria-required=\"true\" aria-invalid=\"false\" value=\"\" type=\"email\" name=\"email\" \/><\/span>\n\t\t\t<\/p>\n\t\t<\/div>\n\t<\/div>\n\t<div class=\"form-row cf\">\n\t\t<p><label for=\"\"> Tel\u00e9fono <span>*<\/span><\/label>\n\t\t<\/p>\n\t\t<div class=\"input-wrap\">\n\t\t\t<p><span class=\"wpcf7-form-control-wrap\" data-name=\"phone\"><input size=\"40\" maxlength=\"400\" class=\"wpcf7-form-control wpcf7-text wpcf7-validates-as-required\" aria-required=\"true\" aria-invalid=\"false\" value=\"\" type=\"text\" name=\"phone\" \/><\/span>\n\t\t\t<\/p>\n\t\t<\/div>\n\t<\/div>\n\t<div class=\"form-row cf\">\n\t\t<p><label for=\"\">Fecha de llegada<span>*<\/span><\/label>\n\t\t<\/p>\n\t\t<div class=\"input-wrap\">\n\t\t\t<p><span class=\"wpcf7-form-control-wrap arrival-date\"><input size=\"40\" class=\"wpcf7-form-control wpcf7-date wpcf7-validates-as-required\" type=\"text\" aria-required=\"true\" value=\"\" name=\"arrival-date\" \/> <\/span>\n\t\t\t<\/p>\n\t\t<\/div>\n\t<\/div>\n\t<div class=\"form-row cf\">\n\t\t<p><label for=\"\">Fecha de salida<span>*<\/span><\/label>\n\t\t<\/p>\n\t\t<div class=\"input-wrap\">\n\t\t\t<p><span class=\"wpcf7-form-control-wrap departure-date\"><input size=\"40\" class=\"wpcf7-form-control wpcf7-date wpcf7-validates-as-required\" type=\"text\" aria-required=\"true\" value=\"\" name=\"departure-date\" \/> <\/span>\n\t\t\t<\/p>\n\t\t<\/div>\n\t<\/div>\n\t<div class=\"form-row cf\">\n\t\t<p><label for=\"\">N\u00famero de confirmaci\u00f3n<\/label>\n\t\t<\/p>\n\t\t<div class=\"input-wrap\">\n\t\t\t<p><span class=\"wpcf7-form-control-wrap\" data-name=\"confirmation\"><input size=\"40\" maxlength=\"400\" class=\"wpcf7-form-control wpcf7-text\" aria-invalid=\"false\" value=\"\" type=\"text\" name=\"confirmation\" \/><\/span>\n\t\t\t<\/p>\n\t\t<\/div>\n\t<\/div>\n\t<div class=\"form-row cf\">\n\t\t<p><label for=\"\">N\u00famero de Adultos<span>*<\/span><\/label>\n\t\t<\/p>\n\t\t<div class=\"input-wrap\">\n\t\t\t<p><span class=\"wpcf7-form-control-wrap\" data-name=\"adults\"><input size=\"40\" maxlength=\"400\" class=\"wpcf7-form-control wpcf7-text wpcf7-validates-as-required\" aria-required=\"true\" aria-invalid=\"false\" value=\"\" type=\"text\" name=\"adults\" \/><\/span>\n\t\t\t<\/p>\n\t\t<\/div>\n\t<\/div>\n\t<div class=\"form-row cf\">\n\t\t<p><label for=\"\">N\u00famero de Ni\u00f1os<\/label>\n\t\t<\/p>\n\t\t<div class=\"input-wrap\">\n\t\t\t<p><span class=\"wpcf7-form-control-wrap\" data-name=\"children\"><input size=\"40\" maxlength=\"400\" class=\"wpcf7-form-control wpcf7-text\" aria-invalid=\"false\" value=\"\" type=\"text\" name=\"children\" \/><\/span>\n\t\t\t<\/p>\n\t\t<\/div>\n\t<\/div>\n\t<div class=\"form-row cf\">\n\t\t<p><label for=\"\"> Aeropuerto <\/label>\n\t\t<\/p>\n\t\t<div class=\"input-wrap\">\n\t\t\t<p><span class=\"wpcf7-form-control-wrap\" data-name=\"airport\"><input size=\"40\" maxlength=\"400\" class=\"wpcf7-form-control wpcf7-text\" aria-invalid=\"false\" value=\"\" type=\"text\" name=\"airport\" \/><\/span>\n\t\t\t<\/p>\n\t\t<\/div>\n\t<\/div>\n\t<div class=\"form-row cf\">\n\t\t<p><label for=\"\">Aerol\u00ednea <\/label>\n\t\t<\/p>\n\t\t<div class=\"input-wrap\">\n\t\t\t<p><span class=\"wpcf7-form-control-wrap\" data-name=\"airline\"><input size=\"40\" maxlength=\"400\" class=\"wpcf7-form-control wpcf7-text\" aria-invalid=\"false\" value=\"\" type=\"text\" name=\"airline\" \/><\/span>\n\t\t\t<\/p>\n\t\t<\/div>\n\t<\/div>\n\t<div class=\"form-row cf\">\n\t\t<p><label for=\"\">N\u00famero de Vuelo<\/label>\n\t\t<\/p>\n\t\t<div class=\"input-wrap\">\n\t\t\t<p><span class=\"wpcf7-form-control-wrap\" data-name=\"flight\"><input size=\"40\" maxlength=\"400\" class=\"wpcf7-form-control wpcf7-text\" aria-invalid=\"false\" value=\"\" type=\"text\" name=\"flight\" \/><\/span>\n\t\t\t<\/p>\n\t\t<\/div>\n\t<\/div>\n\t<div class=\"form-row cf\">\n\t\t<p><label for=\"\">Hora de llegada<span>*<\/span><\/label>\n\t\t<\/p>\n\t\t<div class=\"input-wrap\">\n\t\t\t<p><span class=\"wpcf7-form-control-wrap\" data-name=\"time\"><input size=\"40\" maxlength=\"400\" class=\"wpcf7-form-control wpcf7-text wpcf7-validates-as-required\" aria-required=\"true\" aria-invalid=\"false\" value=\"\" type=\"text\" name=\"time\" \/><\/span>\n\t\t\t<\/p>\n\t\t<\/div>\n\t<\/div>\n\t<div class=\"form-row cf\">\n\t\t<p><label for=\"\">Su Mensaje<span>*<\/span><\/label>\n\t\t<\/p>\n\t\t<div class=\"input-wrap\">\n\t\t\t<p><span class=\"wpcf7-form-control-wrap\" data-name=\"your-message\"><textarea cols=\"40\" rows=\"10\" maxlength=\"2000\" class=\"wpcf7-form-control wpcf7-textarea\" aria-invalid=\"false\" name=\"your-message\"><\/textarea><\/span>\n\t\t\t<\/p>\n\t\t<\/div>\n\t<\/div>\n\t<div class=\"form-row cf\">\n\t\t<div class=\"input-wrap\">\n\t\t\t<p><input class=\"wpcf7-form-control wpcf7-submit has-spinner button\" type=\"submit\" value=\"Enviar\" \/>\n\t\t\t<\/p>\n\t\t<\/div>\n\t<\/div>\n<\/div><div class=\"wpcf7-response-output\" aria-hidden=\"true\"><\/div>\n<\/form>\n<\/div>\n[\/vc_column][\/vc_row]<\/p>\n","protected":false},"excerpt":{"rendered":"<p>[vc_row][vc_column width=\u00bb1\/1&#8243;][\/vc_column][\/vc_row][vc_row][vc_column width=\u00bb1\/1&#8243;][vc_column_text el_class=\u00bbtransparent\u00bb]Notas especiales: En el caso de cambio de vuelo o cancelaci\u00f3n, nos debe notificar por correo electr\u00f3nico a\u00a0transportation@lhvcresorts.com\u00a0al menos 24 horas antes de su llegada; de lo contrario el costo de la&#8230;<\/p>\n","protected":false},"author":1,"featured_media":0,"parent":0,"menu_order":0,"comment_status":"closed","ping_status":"closed","template":"","meta":[],"class_list":["post-345","page","type-page","status-publish","hentry"],"_links":{"self":[{"href":"http:\/\/presidentialsuites-puntacana.com\/es\/wp-json\/wp\/v2\/pages\/345","targetHints":{"allow":["GET"]}}],"collection":[{"href":"http:\/\/presidentialsuites-puntacana.com\/es\/wp-json\/wp\/v2\/pages"}],"about":[{"href":"http:\/\/presidentialsuites-puntacana.com\/es\/wp-json\/wp\/v2\/types\/page"}],"author":[{"embeddable":true,"href":"http:\/\/presidentialsuites-puntacana.com\/es\/wp-json\/wp\/v2\/users\/1"}],"replies":[{"embeddable":true,"href":"http:\/\/presidentialsuites-puntacana.com\/es\/wp-json\/wp\/v2\/comments?post=345"}],"version-history":[{"count":1,"href":"http:\/\/presidentialsuites-puntacana.com\/es\/wp-json\/wp\/v2\/pages\/345\/revisions"}],"predecessor-version":[{"id":541,"href":"http:\/\/presidentialsuites-puntacana.com\/es\/wp-json\/wp\/v2\/pages\/345\/revisions\/541"}],"wp:attachment":[{"href":"http:\/\/presidentialsuites-puntacana.com\/es\/wp-json\/wp\/v2\/media?parent=345"}],"curies":[{"name":"wp","href":"https:\/\/api.w.org\/{rel}","templated":true}]}}