{"id":423,"date":"2015-03-06T15:33:38","date_gmt":"2015-03-06T15:33:38","guid":{"rendered":"http:\/\/presidentialsuites-puntacana.com\/livingsocial-reservation-request-2\/"},"modified":"2015-03-10T19:42:47","modified_gmt":"2015-03-10T19:42:47","slug":"livingsocial-solicitud-de-reservacion","status":"publish","type":"page","link":"http:\/\/presidentialsuites-puntacana.com\/es\/livingsocial-solicitud-de-reservacion\/","title":{"rendered":"LivingSocial\u2122 Solicitud de Reservaci\u00f3n"},"content":{"rendered":"<p>[vc_row][vc_column width=\u00bb1\/1&#8243;]  <div class=\"imageSlider\">\n  <img decoding=\"async\" src=\"http:\/\/presidentialsuites-puntacana.com\/wp-content\/uploads\/2015\/02\/DR-Beaches04-1065x437.jpg\"><img decoding=\"async\" src=\"http:\/\/presidentialsuites-puntacana.com\/wp-content\/uploads\/2015\/02\/2014-PSPC_19-1065x437.jpg\"><img decoding=\"async\" src=\"http:\/\/presidentialsuites-puntacana.com\/wp-content\/uploads\/2015\/02\/2014-PSPC_13-1065x437.jpg\"><img decoding=\"async\" src=\"http:\/\/presidentialsuites-puntacana.com\/wp-content\/uploads\/2015\/02\/PSPC-food5-1065x437.jpg\"><img decoding=\"async\" src=\"http:\/\/presidentialsuites-puntacana.com\/wp-content\/uploads\/2015\/02\/PSPC-location5-1064x437.jpg\"><img decoding=\"async\" src=\"http:\/\/presidentialsuites-puntacana.com\/wp-content\/uploads\/2015\/02\/PSPC-beach3-1064x437.jpg\"> \n    <span class=\"next\"><img decoding=\"async\" src=\"http:\/\/presidentialsuites-puntacana.com\/wp-content\/themes\/lre\/images\/next.png\"><\/span>\n    <span class=\"prev\"><img decoding=\"async\" src=\"http:\/\/presidentialsuites-puntacana.com\/wp-content\/themes\/lre\/images\/prev.png\"><\/span>\n      <\/div><!-- imageSlider -->\n  <span class=\"pager\"><\/span>\n[\/vc_column][\/vc_row][vc_row][vc_column width=\u00bb1\/1&#8243;][vc_column_text el_class=\u00bbtransparent\u00bb]<\/p>\n<h4>LivingSocial\u2122 Solicitud de Reservaci\u00f3n<\/h4>\n<p>Por favor, complete este formulario para hacer su reserva. Usted recibir\u00e1 su n\u00famero de confirmaci\u00f3n en 72 horas. Le advertimos que esta es la \u00fanica forma de hacer efectiva su reserva. \u00a1Gracias![\/vc_column_text][\/vc_column][\/vc_row][vc_row][vc_column width=\u00bb1\/1&#8243;]\n<div class=\"wpcf7 no-js\" id=\"wpcf7-f427-o1\" lang=\"en-US\" dir=\"ltr\" data-wpcf7-id=\"427\">\n<div class=\"screen-reader-response\"><p role=\"status\" aria-live=\"polite\" aria-atomic=\"true\"><\/p> <ul><\/ul><\/div>\n<form action=\"\/es\/wp-json\/wp\/v2\/pages\/423#wpcf7-f427-o1\" method=\"post\" class=\"wpcf7-form init\" aria-label=\"Contact form\" novalidate=\"novalidate\" data-status=\"init\">\n<fieldset class=\"hidden-fields-container\"><input type=\"hidden\" name=\"_wpcf7\" value=\"427\" \/><input type=\"hidden\" name=\"_wpcf7_version\" value=\"6.1.5\" \/><input type=\"hidden\" name=\"_wpcf7_locale\" value=\"en_US\" \/><input type=\"hidden\" name=\"_wpcf7_unit_tag\" value=\"wpcf7-f427-o1\" \/><input type=\"hidden\" name=\"_wpcf7_container_post\" value=\"0\" \/><input type=\"hidden\" name=\"_wpcf7_posted_data_hash\" value=\"\" \/>\n<\/fieldset>\n<div class=\"contact-form cf\">\n\t<div class=\"form-row cf\">\n\t\t<p><label for=\"\">Nombre: <\/label>\n\t\t<\/p>\n\t\t<div class=\"input-wrap\">\n\t\t\t<p><span class=\"wpcf7-form-control-wrap\" data-name=\"FirstName\"><input size=\"40\" maxlength=\"400\" class=\"wpcf7-form-control wpcf7-text\" aria-invalid=\"false\" value=\"\" type=\"text\" name=\"FirstName\" \/><\/span>\n\t\t\t<\/p>\n\t\t<\/div>\n\t<\/div>\n\t<div class=\"form-row cf\">\n\t\t<p><label for=\"\">Apellido <\/label>\n\t\t<\/p>\n\t\t<div class=\"input-wrap\">\n\t\t\t<p><span class=\"wpcf7-form-control-wrap\" data-name=\"LastName\"><input size=\"40\" maxlength=\"400\" class=\"wpcf7-form-control wpcf7-text\" aria-invalid=\"false\" value=\"\" type=\"text\" name=\"LastName\" \/><\/span>\n\t\t\t<\/p>\n\t\t<\/div>\n\t<\/div>\n\t<div class=\"form-row cf\">\n\t\t<p><label for=\"\">Hotel: <\/label>\n\t\t<\/p>\n\t\t<div class=\"input-wrap\">\n\t\t\t<p><span class=\"wpcf7-form-control-wrap\" data-name=\"hotel\"><input size=\"40\" maxlength=\"400\" class=\"wpcf7-form-control wpcf7-text\" aria-invalid=\"false\" value=\"\" type=\"text\" name=\"hotel\" \/><\/span>\n\t\t\t<\/p>\n\t\t<\/div>\n\t<\/div>\n\t<div class=\"form-row cf\">\n\t\t<p><label for=\"\">Fecha de Llegada:<\/label>\n\t\t<\/p>\n\t\t<div class=\"input-wrap\">\n\t\t\t<p><span class=\"wpcf7-form-control-wrap arrival\"><input size=\"40\" class=\"wpcf7-form-control wpcf7-date\" type=\"text\" value=\"\" name=\"arrival\" \/> <\/span>\n\t\t\t<\/p>\n\t\t<\/div>\n\t<\/div>\n\t<div class=\"form-row cf\">\n\t\t<p><label for=\"\">Fecha de Salida:<\/label>\n\t\t<\/p>\n\t\t<div class=\"input-wrap\">\n\t\t\t<p><span class=\"wpcf7-form-control-wrap departure\"><input size=\"40\" class=\"wpcf7-form-control wpcf7-date\" type=\"text\" value=\"\" name=\"departure\" \/> <\/span>\n\t\t\t<\/p>\n\t\t<\/div>\n\t<\/div>\n\t<div class=\"form-row cf\">\n\t\t<p><label for=\"\"> N\u00famero de adultos: <\/label>\n\t\t<\/p>\n\t\t<div class=\"input-wrap\">\n\t\t\t<p><span class=\"wpcf7-form-control-wrap\" data-name=\"adults\"><input size=\"40\" maxlength=\"400\" class=\"wpcf7-form-control wpcf7-text\" aria-invalid=\"false\" value=\"\" type=\"text\" name=\"adults\" \/><\/span>\n\t\t\t<\/p>\n\t\t<\/div>\n\t<\/div>\n\t<div class=\"form-row cf\">\n\t\t<p><label for=\"\">N\u00famero LivingSocial\u2122:<span>*<\/span><\/label>\n\t\t<\/p>\n\t\t<div class=\"input-wrap\">\n\t\t\t<p><span class=\"wpcf7-form-control-wrap\" data-name=\"LivingSocialNumber\"><input size=\"40\" maxlength=\"400\" class=\"wpcf7-form-control wpcf7-text wpcf7-validates-as-required\" aria-required=\"true\" aria-invalid=\"false\" value=\"\" type=\"text\" name=\"LivingSocialNumber\" \/><\/span>\n\t\t\t<\/p>\n\t\t<\/div>\n\t<\/div>\n\t<div class=\"form-row cf\">\n\t\t<p><label for=\"\"> Tel\u00e9fono:<\/label>\n\t\t<\/p>\n\t\t<div class=\"input-wrap\">\n\t\t\t<p><span class=\"wpcf7-form-control-wrap\" data-name=\"Phone\"><input size=\"40\" maxlength=\"400\" class=\"wpcf7-form-control wpcf7-text\" aria-invalid=\"false\" value=\"\" type=\"text\" name=\"Phone\" \/><\/span>\n\t\t\t<\/p>\n\t\t<\/div>\n\t<\/div>\n\t<div class=\"form-row cf\">\n\t\t<p><label for=\"\">Email:<span>*<\/span><\/label>\n\t\t<\/p>\n\t\t<div class=\"input-wrap\">\n\t\t\t<p><span class=\"wpcf7-form-control-wrap\" data-name=\"Email\"><input size=\"40\" maxlength=\"400\" class=\"wpcf7-form-control wpcf7-email wpcf7-validates-as-required wpcf7-text wpcf7-validates-as-email\" aria-required=\"true\" aria-invalid=\"false\" value=\"\" type=\"email\" name=\"Email\" \/><\/span>\n\t\t\t<\/p>\n\t\t<\/div>\n\t<\/div>\n\t<div class=\"form-row cf\">\n\t\t<p><label for=\"\">Peticiones Especiales:<\/label>\n\t\t<\/p>\n\t\t<div class=\"input-wrap\">\n\t\t\t<p><span class=\"wpcf7-form-control-wrap\" data-name=\"requests\"><textarea cols=\"40\" rows=\"10\" maxlength=\"2000\" class=\"wpcf7-form-control wpcf7-textarea\" aria-invalid=\"false\" name=\"requests\"><\/textarea><\/span>\n\t\t\t<\/p>\n\t\t<\/div>\n\t<\/div>\n\t<div class=\"form-row cf\">\n\t\t<div class=\"input-wrap\">\n\t\t\t<p><input class=\"wpcf7-form-control wpcf7-submit has-spinner button\" type=\"submit\" value=\"Enviar\" \/>\n\t\t\t<\/p>\n\t\t<\/div>\n\t<\/div>\n<\/div><div class=\"wpcf7-response-output\" aria-hidden=\"true\"><\/div>\n<\/form>\n<\/div>\n[\/vc_column][\/vc_row]<\/p>\n","protected":false},"excerpt":{"rendered":"<p>[vc_row][vc_column width=\u00bb1\/1&#8243;][\/vc_column][\/vc_row][vc_row][vc_column width=\u00bb1\/1&#8243;][vc_column_text el_class=\u00bbtransparent\u00bb] LivingSocial\u2122 Solicitud de Reservaci\u00f3n Por favor, complete este formulario para hacer su reserva. Usted recibir\u00e1 su n\u00famero de confirmaci\u00f3n en 72 horas. Le advertimos que esta es la \u00fanica forma de&#8230;<\/p>\n","protected":false},"author":1,"featured_media":0,"parent":0,"menu_order":0,"comment_status":"closed","ping_status":"closed","template":"","meta":[],"class_list":["post-423","page","type-page","status-publish","hentry"],"_links":{"self":[{"href":"http:\/\/presidentialsuites-puntacana.com\/es\/wp-json\/wp\/v2\/pages\/423","targetHints":{"allow":["GET"]}}],"collection":[{"href":"http:\/\/presidentialsuites-puntacana.com\/es\/wp-json\/wp\/v2\/pages"}],"about":[{"href":"http:\/\/presidentialsuites-puntacana.com\/es\/wp-json\/wp\/v2\/types\/page"}],"author":[{"embeddable":true,"href":"http:\/\/presidentialsuites-puntacana.com\/es\/wp-json\/wp\/v2\/users\/1"}],"replies":[{"embeddable":true,"href":"http:\/\/presidentialsuites-puntacana.com\/es\/wp-json\/wp\/v2\/comments?post=423"}],"version-history":[{"count":1,"href":"http:\/\/presidentialsuites-puntacana.com\/es\/wp-json\/wp\/v2\/pages\/423\/revisions"}],"predecessor-version":[{"id":543,"href":"http:\/\/presidentialsuites-puntacana.com\/es\/wp-json\/wp\/v2\/pages\/423\/revisions\/543"}],"wp:attachment":[{"href":"http:\/\/presidentialsuites-puntacana.com\/es\/wp-json\/wp\/v2\/media?parent=423"}],"curies":[{"name":"wp","href":"https:\/\/api.w.org\/{rel}","templated":true}]}}